{"id":340,"date":"2022-02-09T10:03:42","date_gmt":"2022-02-09T10:03:42","guid":{"rendered":"https:\/\/fellmannkunz.ch\/?page_id=340"},"modified":"2022-04-21T13:10:50","modified_gmt":"2022-04-21T13:10:50","slug":"dienstleistungen","status":"publish","type":"page","link":"https:\/\/fellmannkunz.ch\/fr\/dienstleistungen\/","title":{"rendered":"Unsere Dienstleistungen"},"content":{"rendered":"<p><img loading=\"lazy\" decoding=\"async\" width=\"3027\" height=\"2862\" src=\"https:\/\/fellmannkunz.ch\/wp-content\/uploads\/2022\/04\/img-dienstleistungen-999.png\" alt=\"\" loading=\"lazy\" srcset=\"https:\/\/fellmannkunz.ch\/wp-content\/uploads\/2022\/04\/img-dienstleistungen-999.png 3027w, https:\/\/fellmannkunz.ch\/wp-content\/uploads\/2022\/04\/img-dienstleistungen-999-300x284.png 300w, https:\/\/fellmannkunz.ch\/wp-content\/uploads\/2022\/04\/img-dienstleistungen-999-1024x968.png 1024w, https:\/\/fellmannkunz.ch\/wp-content\/uploads\/2022\/04\/img-dienstleistungen-999-768x726.png 768w, https:\/\/fellmannkunz.ch\/wp-content\/uploads\/2022\/04\/img-dienstleistungen-999-1536x1452.png 1536w, https:\/\/fellmannkunz.ch\/wp-content\/uploads\/2022\/04\/img-dienstleistungen-999-2048x1936.png 2048w\" sizes=\"auto, (max-width: 3027px) 100vw, 3027px\" \/>\t\t\t\t\t\t\t\t\t\t\t\t\t\t\t<\/p>\n<h2>Prestations de service<\/h2>\n<p>Nous fournissons des services pour les entreprises, les particuliers, les administrations et autres institutions.<\/p>\n<p><b>En tant qu&#8217;avocats<\/b>, nous r\u00e9pondons \u00e0 vos questions par des conseils, vous repr\u00e9sentons devant une autorit\u00e9 de conciliation ou un tribunal et vous accompagnons dans les n\u00e9gociations contractuelles.<\/p>\n<p><b>En tant que notaire<\/b>, je r\u00e9dige pour vous des actes publics en tous genres, notamment des contrats immobiliers, matrimoniaux et successoraux, des cr\u00e9ations et des liquidations de soci\u00e9t\u00e9s en g\u00e9n\u00e9ral, des associations et des fondations. Je suis \u00e9galement \u00e0 m\u00eame d\u2019\u00e9tablir des l\u00e9galisations de signatures ou de copies.<\/p>\n<p><b>En tant que m\u00e9diateur<\/b>, je vous soutiens dans la r\u00e9solution alternative des conflits extrajudiciaires et juridiquement contraignants ou en tant que mod\u00e9rateur dans les processus de d\u00e9veloppement d&#8217;\u00e9quipe et la prise de d\u00e9cisions.<\/p>\n<p>Nous sommes principalement actifs dans la r\u00e9gion Bienne &#8211; Seeland &#8211; Jura bernois et disposons d&#8217;un vaste r\u00e9seau de contacts avec les autorit\u00e9s et les prestataires de services.<\/p>\n<p>Nous parlons allemand, fran\u00e7ais et anglais et sommes donc en mesure d&#8217;effectuer notre travail ind\u00e9pendamment des barri\u00e8res linguistiques.<\/p>\n<p><\/p>\n","protected":false},"excerpt":{"rendered":"<p>Prestations de service Nous fournissons des services pour les entreprises, les particuliers, les administrations et autres institutions. En tant qu&#8217;avocats, nous r\u00e9pondons \u00e0 vos questions par des conseils, vous repr\u00e9sentons devant une autorit\u00e9 de conciliation ou un tribunal et vous accompagnons dans les n\u00e9gociations contractuelles. En tant que notaire, je r\u00e9dige pour vous des actes [&hellip;]<\/p>\n","protected":false},"author":1,"featured_media":0,"parent":0,"menu_order":0,"comment_status":"closed","ping_status":"closed","template":"","meta":{"footnotes":""},"class_list":["post-340","page","type-page","status-publish","hentry"],"translation":{"provider":"WPGlobus","version":"3.0.0","language":"fr","enabled_languages":["de","fr"],"languages":{"de":{"title":true,"content":true,"excerpt":false},"fr":{"title":true,"content":true,"excerpt":false}}},"yoast_head":"<!-- This site is optimized with the Yoast SEO plugin v23.8 - https:\/\/yoast.com\/wordpress\/plugins\/seo\/ -->\n<title>Unsere Dienstleistungen - fellmann&amp;kunz<\/title>\n<meta name=\"robots\" content=\"index, follow, max-snippet:-1, max-image-preview:large, max-video-preview:-1\" \/>\n<link rel=\"canonical\" href=\"https:\/\/fellmannkunz.ch\/dienstleistungen\/\" \/>\n<meta property=\"og:locale\" content=\"fr_FR\" \/>\n<meta property=\"og:type\" content=\"article\" \/>\n<meta property=\"og:title\" content=\"Unsere Dienstleistungen - fellmann&amp;kunz\" \/>\n<meta property=\"og:url\" content=\"https:\/\/fellmannkunz.ch\/dienstleistungen\/\" \/>\n<meta property=\"og:site_name\" content=\"fellmann&amp;kunz\" \/>\n<meta property=\"article:modified_time\" content=\"2022-04-21T13:10:50+00:00\" \/>\n<meta property=\"og:image\" content=\"https:\/\/fellmannkunz.ch\/wp-content\/uploads\/2022\/04\/img-dienstleistungen-999.png\" \/>\n<meta name=\"twitter:card\" content=\"summary_large_image\" \/>\n<meta name=\"twitter:label1\" content=\"Est. reading time\" \/>\n\t<meta name=\"twitter:data1\" content=\"2 minutes\" \/>\n<script type=\"application\/ld+json\" class=\"yoast-schema-graph\">{\"@context\":\"https:\/\/schema.org\",\"@graph\":[{\"@type\":\"WebPage\",\"@id\":\"https:\/\/fellmannkunz.ch\/dienstleistungen\/\",\"url\":\"https:\/\/fellmannkunz.ch\/dienstleistungen\/\",\"name\":\"Unsere Dienstleistungen - fellmann&amp;kunz\",\"isPartOf\":{\"@id\":\"https:\/\/fellmannkunz.ch\/#website\"},\"primaryImageOfPage\":{\"@id\":\"https:\/\/fellmannkunz.ch\/dienstleistungen\/#primaryimage\"},\"image\":{\"@id\":\"https:\/\/fellmannkunz.ch\/dienstleistungen\/#primaryimage\"},\"thumbnailUrl\":\"https:\/\/fellmannkunz.ch\/wp-content\/uploads\/2022\/04\/img-dienstleistungen-999.png\",\"datePublished\":\"2022-02-09T10:03:42+00:00\",\"dateModified\":\"2022-04-21T13:10:50+00:00\",\"breadcrumb\":{\"@id\":\"https:\/\/fellmannkunz.ch\/dienstleistungen\/#breadcrumb\"},\"inLanguage\":\"fr-FR\",\"potentialAction\":[{\"@type\":\"ReadAction\",\"target\":[\"https:\/\/fellmannkunz.ch\/dienstleistungen\/\"]}]},{\"@type\":\"ImageObject\",\"inLanguage\":\"fr-FR\",\"@id\":\"https:\/\/fellmannkunz.ch\/dienstleistungen\/#primaryimage\",\"url\":\"https:\/\/fellmannkunz.ch\/wp-content\/uploads\/2022\/04\/img-dienstleistungen-999.png\",\"contentUrl\":\"https:\/\/fellmannkunz.ch\/wp-content\/uploads\/2022\/04\/img-dienstleistungen-999.png\"},{\"@type\":\"BreadcrumbList\",\"@id\":\"https:\/\/fellmannkunz.ch\/dienstleistungen\/#breadcrumb\",\"itemListElement\":[{\"@type\":\"ListItem\",\"position\":1,\"name\":\"Startseite\",\"item\":\"https:\/\/fellmannkunz.ch\/\"},{\"@type\":\"ListItem\",\"position\":2,\"name\":\"Unsere Dienstleistungen\"}]},{\"@type\":\"WebSite\",\"@id\":\"https:\/\/fellmannkunz.ch\/#website\",\"url\":\"https:\/\/fellmannkunz.ch\/\",\"name\":\"fellmann&amp;kunz\",\"description\":\"avocats et notaire\",\"potentialAction\":[{\"@type\":\"SearchAction\",\"target\":{\"@type\":\"EntryPoint\",\"urlTemplate\":\"https:\/\/fellmannkunz.ch\/?s={search_term_string}\"},\"query-input\":{\"@type\":\"PropertyValueSpecification\",\"valueRequired\":true,\"valueName\":\"search_term_string\"}}],\"inLanguage\":\"fr-FR\"}]}<\/script>\n<!-- \/ Yoast SEO plugin. -->","yoast_head_json":{"title":"Unsere Dienstleistungen - fellmann&amp;kunz","robots":{"index":"index","follow":"follow","max-snippet":"max-snippet:-1","max-image-preview":"max-image-preview:large","max-video-preview":"max-video-preview:-1"},"canonical":"https:\/\/fellmannkunz.ch\/dienstleistungen\/","og_locale":"fr_FR","og_type":"article","og_title":"Unsere Dienstleistungen - fellmann&amp;kunz","og_url":"https:\/\/fellmannkunz.ch\/dienstleistungen\/","og_site_name":"fellmann&amp;kunz","article_modified_time":"2022-04-21T13:10:50+00:00","og_image":[{"url":"https:\/\/fellmannkunz.ch\/wp-content\/uploads\/2022\/04\/img-dienstleistungen-999.png"}],"twitter_card":"summary_large_image","twitter_misc":{"Est. reading time":"2 minutes"},"schema":{"@context":"https:\/\/schema.org","@graph":[{"@type":"WebPage","@id":"https:\/\/fellmannkunz.ch\/dienstleistungen\/","url":"https:\/\/fellmannkunz.ch\/dienstleistungen\/","name":"Unsere Dienstleistungen - fellmann&amp;kunz","isPartOf":{"@id":"https:\/\/fellmannkunz.ch\/#website"},"primaryImageOfPage":{"@id":"https:\/\/fellmannkunz.ch\/dienstleistungen\/#primaryimage"},"image":{"@id":"https:\/\/fellmannkunz.ch\/dienstleistungen\/#primaryimage"},"thumbnailUrl":"https:\/\/fellmannkunz.ch\/wp-content\/uploads\/2022\/04\/img-dienstleistungen-999.png","datePublished":"2022-02-09T10:03:42+00:00","dateModified":"2022-04-21T13:10:50+00:00","breadcrumb":{"@id":"https:\/\/fellmannkunz.ch\/dienstleistungen\/#breadcrumb"},"inLanguage":"fr-FR","potentialAction":[{"@type":"ReadAction","target":["https:\/\/fellmannkunz.ch\/dienstleistungen\/"]}]},{"@type":"ImageObject","inLanguage":"fr-FR","@id":"https:\/\/fellmannkunz.ch\/dienstleistungen\/#primaryimage","url":"https:\/\/fellmannkunz.ch\/wp-content\/uploads\/2022\/04\/img-dienstleistungen-999.png","contentUrl":"https:\/\/fellmannkunz.ch\/wp-content\/uploads\/2022\/04\/img-dienstleistungen-999.png"},{"@type":"BreadcrumbList","@id":"https:\/\/fellmannkunz.ch\/dienstleistungen\/#breadcrumb","itemListElement":[{"@type":"ListItem","position":1,"name":"Startseite","item":"https:\/\/fellmannkunz.ch\/"},{"@type":"ListItem","position":2,"name":"Unsere Dienstleistungen"}]},{"@type":"WebSite","@id":"https:\/\/fellmannkunz.ch\/#website","url":"https:\/\/fellmannkunz.ch\/","name":"fellmann&amp;kunz","description":"avocats et notaire","potentialAction":[{"@type":"SearchAction","target":{"@type":"EntryPoint","urlTemplate":"https:\/\/fellmannkunz.ch\/?s={search_term_string}"},"query-input":{"@type":"PropertyValueSpecification","valueRequired":true,"valueName":"search_term_string"}}],"inLanguage":"fr-FR"}]}},"_links":{"self":[{"href":"https:\/\/fellmannkunz.ch\/fr\/wp-json\/wp\/v2\/pages\/340","targetHints":{"allow":["GET"]}}],"collection":[{"href":"https:\/\/fellmannkunz.ch\/fr\/wp-json\/wp\/v2\/pages"}],"about":[{"href":"https:\/\/fellmannkunz.ch\/fr\/wp-json\/wp\/v2\/types\/page"}],"author":[{"embeddable":true,"href":"https:\/\/fellmannkunz.ch\/fr\/wp-json\/wp\/v2\/users\/1"}],"replies":[{"embeddable":true,"href":"https:\/\/fellmannkunz.ch\/fr\/wp-json\/wp\/v2\/comments?post=340"}],"version-history":[{"count":160,"href":"https:\/\/fellmannkunz.ch\/fr\/wp-json\/wp\/v2\/pages\/340\/revisions"}],"predecessor-version":[{"id":2634,"href":"https:\/\/fellmannkunz.ch\/fr\/wp-json\/wp\/v2\/pages\/340\/revisions\/2634"}],"wp:attachment":[{"href":"https:\/\/fellmannkunz.ch\/fr\/wp-json\/wp\/v2\/media?parent=340"}],"curies":[{"name":"wp","href":"https:\/\/api.w.org\/{rel}","templated":true}]}}