{"id":763,"date":"2022-03-23T08:53:05","date_gmt":"2022-03-23T08:53:05","guid":{"rendered":"https:\/\/fellmannkunz.ch\/?page_id=763"},"modified":"2022-06-07T16:01:29","modified_gmt":"2022-06-07T16:01:29","slug":"office","status":"publish","type":"page","link":"https:\/\/fellmannkunz.ch\/fr\/office\/","title":{"rendered":"Secr\u00e9tariat"},"content":{"rendered":"<p><img loading=\"lazy\" decoding=\"async\" width=\"758\" height=\"716\" src=\"https:\/\/fellmannkunz.ch\/wp-content\/uploads\/2022\/03\/img-neuhaus-2.png\" alt=\"\" loading=\"lazy\" srcset=\"https:\/\/fellmannkunz.ch\/wp-content\/uploads\/2022\/03\/img-neuhaus-2.png 758w, https:\/\/fellmannkunz.ch\/wp-content\/uploads\/2022\/03\/img-neuhaus-2-300x283.png 300w\" sizes=\"auto, (max-width: 758px) 100vw, 758px\" \/>\t\t\t\t\t\t\t\t\t\t\t\t\t\t\t<\/p>\n<h2>Jeanine Neuhaus<br \/>Secr\u00e9tariat<\/h2>\n<p><strong>2005 \u2013 2009<\/strong>\u00a0 Maturit\u00e9 gymnasiale <br \/><strong>2009 \u2013 2012<\/strong>\u00a0 Etudes de droit<br \/><strong>2013 \u2013 2015<\/strong>\u00a0 CFC d\u2019employ\u00e9e de commerce \u2013 Branche notariat<br \/><strong>2015 &#8211; 2017<\/strong>\u00a0 Secr\u00e9taire dans une \u00e9tude d\u2019avocats et notaires \u00e0 Bienne<br \/><strong>Depuis 2018<\/strong>\u00a0 Travaille dans l\u2019\u00e9tude de Me Lorenz Fellmann <\/p>\n<p>T\u00e9l\u00e9phone\u00a0+41 32 322 88 11<br \/><a href=\"mailto:neuhaus@fellmannkunz.ch\">neuhaus@fellmannkunz.ch<\/a><\/p>\n<h2>Simone Houmard<br \/>Secr\u00e9tariat<\/h2>\n<p><strong>1983-1986<\/strong>\u00a0Formation d\u2019employ\u00e9e de commerce CFC<br \/><strong>1986 &#8211; 1993<\/strong>\u00a0employ\u00e9e de commerce &#8211; vente<br \/><strong>1993 &#8211; 2016<\/strong> employ\u00e9e de commerce &#8211; correspondance et comptabilit\u00e9<br \/><strong>2015-2016<\/strong> secr\u00e9taire &#8211; Etude\u00a0 d\u2019avocats et de notaires \u00e0 Biel\/Bienne<br \/><strong>D\u00e8s 2<\/strong><strong style=\"color: var( --e-global-color-text ); font-family: var( --e-global-typography-text-font-family ), Sans-serif; font-size: var( --e-global-typography-text-font-size );\">017<\/strong> secr\u00e9taire de Me Elisabeth Kunz, avocate et notaire<\/p>\n<p>T\u00e9l\u00e9phone\u00a0+41 32 323 61 94<br \/><a href=\"mailto:houmard@fellmannkunz.ch\">houmard@fellmannkunz.ch<\/a><\/p>\n<p>\t\t\t\t\t\t\t\t\t\t\t\t\t\t\t<img loading=\"lazy\" decoding=\"async\" width=\"3027\" height=\"2862\" src=\"https:\/\/fellmannkunz.ch\/wp-content\/uploads\/2022\/04\/img-houmard-neu.png\" alt=\"\" loading=\"lazy\" srcset=\"https:\/\/fellmannkunz.ch\/wp-content\/uploads\/2022\/04\/img-houmard-neu.png 3027w, https:\/\/fellmannkunz.ch\/wp-content\/uploads\/2022\/04\/img-houmard-neu-300x284.png 300w, https:\/\/fellmannkunz.ch\/wp-content\/uploads\/2022\/04\/img-houmard-neu-1024x968.png 1024w, https:\/\/fellmannkunz.ch\/wp-content\/uploads\/2022\/04\/img-houmard-neu-768x726.png 768w, https:\/\/fellmannkunz.ch\/wp-content\/uploads\/2022\/04\/img-houmard-neu-1536x1452.png 1536w, https:\/\/fellmannkunz.ch\/wp-content\/uploads\/2022\/04\/img-houmard-neu-2048x1936.png 2048w\" sizes=\"auto, (max-width: 3027px) 100vw, 3027px\" \/><\/p>\n","protected":false},"excerpt":{"rendered":"<p>Jeanine NeuhausSecr\u00e9tariat 2005 \u2013 2009\u00a0 Maturit\u00e9 gymnasiale 2009 \u2013 2012\u00a0 Etudes de droit2013 \u2013 2015\u00a0 CFC d\u2019employ\u00e9e de commerce \u2013 Branche notariat2015 &#8211; 2017\u00a0 Secr\u00e9taire dans une \u00e9tude d\u2019avocats et notaires \u00e0 BienneDepuis 2018\u00a0 Travaille dans l\u2019\u00e9tude de Me Lorenz Fellmann T\u00e9l\u00e9phone\u00a0+41 32 322 88 11neuhaus@fellmannkunz.ch Simone HoumardSecr\u00e9tariat 1983-1986\u00a0Formation d\u2019employ\u00e9e de commerce CFC1986 &#8211; 1993\u00a0employ\u00e9e [&hellip;]<\/p>\n","protected":false},"author":5,"featured_media":0,"parent":0,"menu_order":0,"comment_status":"closed","ping_status":"closed","template":"","meta":{"footnotes":""},"class_list":["post-763","page","type-page","status-publish","hentry"],"translation":{"provider":"WPGlobus","version":"3.0.0","language":"fr","enabled_languages":["de","fr"],"languages":{"de":{"title":true,"content":true,"excerpt":false},"fr":{"title":true,"content":true,"excerpt":false}}},"yoast_head":"<!-- This site is optimized with the Yoast SEO plugin v23.8 - https:\/\/yoast.com\/wordpress\/plugins\/seo\/ -->\n<title>Secr\u00e9tariat - fellmann&amp;kunz<\/title>\n<meta name=\"robots\" content=\"index, follow, max-snippet:-1, max-image-preview:large, max-video-preview:-1\" \/>\n<link rel=\"canonical\" href=\"https:\/\/fellmannkunz.ch\/office\/\" \/>\n<meta property=\"og:locale\" content=\"fr_FR\" \/>\n<meta property=\"og:type\" content=\"article\" \/>\n<meta property=\"og:title\" content=\"Secr\u00e9tariat - fellmann&amp;kunz\" \/>\n<meta property=\"og:url\" content=\"https:\/\/fellmannkunz.ch\/office\/\" \/>\n<meta property=\"og:site_name\" content=\"fellmann&amp;kunz\" \/>\n<meta property=\"article:modified_time\" content=\"2022-06-07T16:01:29+00:00\" \/>\n<meta property=\"og:image\" content=\"https:\/\/fellmannkunz.ch\/wp-content\/uploads\/2022\/03\/img-neuhaus-2.png\" \/>\n<meta name=\"twitter:card\" content=\"summary_large_image\" \/>\n<meta name=\"twitter:label1\" content=\"Est. reading time\" \/>\n\t<meta name=\"twitter:data1\" content=\"1 minute\" \/>\n<script type=\"application\/ld+json\" class=\"yoast-schema-graph\">{\"@context\":\"https:\/\/schema.org\",\"@graph\":[{\"@type\":\"WebPage\",\"@id\":\"https:\/\/fellmannkunz.ch\/office\/\",\"url\":\"https:\/\/fellmannkunz.ch\/office\/\",\"name\":\"Secr\u00e9tariat - fellmann&amp;kunz\",\"isPartOf\":{\"@id\":\"https:\/\/fellmannkunz.ch\/#website\"},\"primaryImageOfPage\":{\"@id\":\"https:\/\/fellmannkunz.ch\/office\/#primaryimage\"},\"image\":{\"@id\":\"https:\/\/fellmannkunz.ch\/office\/#primaryimage\"},\"thumbnailUrl\":\"https:\/\/fellmannkunz.ch\/wp-content\/uploads\/2022\/03\/img-neuhaus-2.png\",\"datePublished\":\"2022-03-23T08:53:05+00:00\",\"dateModified\":\"2022-06-07T16:01:29+00:00\",\"breadcrumb\":{\"@id\":\"https:\/\/fellmannkunz.ch\/office\/#breadcrumb\"},\"inLanguage\":\"fr-FR\",\"potentialAction\":[{\"@type\":\"ReadAction\",\"target\":[\"https:\/\/fellmannkunz.ch\/office\/\"]}]},{\"@type\":\"ImageObject\",\"inLanguage\":\"fr-FR\",\"@id\":\"https:\/\/fellmannkunz.ch\/office\/#primaryimage\",\"url\":\"https:\/\/fellmannkunz.ch\/wp-content\/uploads\/2022\/03\/img-neuhaus-2.png\",\"contentUrl\":\"https:\/\/fellmannkunz.ch\/wp-content\/uploads\/2022\/03\/img-neuhaus-2.png\"},{\"@type\":\"BreadcrumbList\",\"@id\":\"https:\/\/fellmannkunz.ch\/office\/#breadcrumb\",\"itemListElement\":[{\"@type\":\"ListItem\",\"position\":1,\"name\":\"Startseite\",\"item\":\"https:\/\/fellmannkunz.ch\/\"},{\"@type\":\"ListItem\",\"position\":2,\"name\":\"Sekretariat\"}]},{\"@type\":\"WebSite\",\"@id\":\"https:\/\/fellmannkunz.ch\/#website\",\"url\":\"https:\/\/fellmannkunz.ch\/\",\"name\":\"fellmann&amp;kunz\",\"description\":\"avocats et notaire\",\"potentialAction\":[{\"@type\":\"SearchAction\",\"target\":{\"@type\":\"EntryPoint\",\"urlTemplate\":\"https:\/\/fellmannkunz.ch\/?s={search_term_string}\"},\"query-input\":{\"@type\":\"PropertyValueSpecification\",\"valueRequired\":true,\"valueName\":\"search_term_string\"}}],\"inLanguage\":\"fr-FR\"}]}<\/script>\n<!-- \/ Yoast SEO plugin. -->","yoast_head_json":{"title":"Secr\u00e9tariat - fellmann&amp;kunz","robots":{"index":"index","follow":"follow","max-snippet":"max-snippet:-1","max-image-preview":"max-image-preview:large","max-video-preview":"max-video-preview:-1"},"canonical":"https:\/\/fellmannkunz.ch\/office\/","og_locale":"fr_FR","og_type":"article","og_title":"Secr\u00e9tariat - fellmann&amp;kunz","og_url":"https:\/\/fellmannkunz.ch\/office\/","og_site_name":"fellmann&amp;kunz","article_modified_time":"2022-06-07T16:01:29+00:00","og_image":[{"url":"https:\/\/fellmannkunz.ch\/wp-content\/uploads\/2022\/03\/img-neuhaus-2.png"}],"twitter_card":"summary_large_image","twitter_misc":{"Est. reading time":"1 minute"},"schema":{"@context":"https:\/\/schema.org","@graph":[{"@type":"WebPage","@id":"https:\/\/fellmannkunz.ch\/office\/","url":"https:\/\/fellmannkunz.ch\/office\/","name":"Secr\u00e9tariat - fellmann&amp;kunz","isPartOf":{"@id":"https:\/\/fellmannkunz.ch\/#website"},"primaryImageOfPage":{"@id":"https:\/\/fellmannkunz.ch\/office\/#primaryimage"},"image":{"@id":"https:\/\/fellmannkunz.ch\/office\/#primaryimage"},"thumbnailUrl":"https:\/\/fellmannkunz.ch\/wp-content\/uploads\/2022\/03\/img-neuhaus-2.png","datePublished":"2022-03-23T08:53:05+00:00","dateModified":"2022-06-07T16:01:29+00:00","breadcrumb":{"@id":"https:\/\/fellmannkunz.ch\/office\/#breadcrumb"},"inLanguage":"fr-FR","potentialAction":[{"@type":"ReadAction","target":["https:\/\/fellmannkunz.ch\/office\/"]}]},{"@type":"ImageObject","inLanguage":"fr-FR","@id":"https:\/\/fellmannkunz.ch\/office\/#primaryimage","url":"https:\/\/fellmannkunz.ch\/wp-content\/uploads\/2022\/03\/img-neuhaus-2.png","contentUrl":"https:\/\/fellmannkunz.ch\/wp-content\/uploads\/2022\/03\/img-neuhaus-2.png"},{"@type":"BreadcrumbList","@id":"https:\/\/fellmannkunz.ch\/office\/#breadcrumb","itemListElement":[{"@type":"ListItem","position":1,"name":"Startseite","item":"https:\/\/fellmannkunz.ch\/"},{"@type":"ListItem","position":2,"name":"Sekretariat"}]},{"@type":"WebSite","@id":"https:\/\/fellmannkunz.ch\/#website","url":"https:\/\/fellmannkunz.ch\/","name":"fellmann&amp;kunz","description":"avocats et notaire","potentialAction":[{"@type":"SearchAction","target":{"@type":"EntryPoint","urlTemplate":"https:\/\/fellmannkunz.ch\/?s={search_term_string}"},"query-input":{"@type":"PropertyValueSpecification","valueRequired":true,"valueName":"search_term_string"}}],"inLanguage":"fr-FR"}]}},"_links":{"self":[{"href":"https:\/\/fellmannkunz.ch\/fr\/wp-json\/wp\/v2\/pages\/763","targetHints":{"allow":["GET"]}}],"collection":[{"href":"https:\/\/fellmannkunz.ch\/fr\/wp-json\/wp\/v2\/pages"}],"about":[{"href":"https:\/\/fellmannkunz.ch\/fr\/wp-json\/wp\/v2\/types\/page"}],"author":[{"embeddable":true,"href":"https:\/\/fellmannkunz.ch\/fr\/wp-json\/wp\/v2\/users\/5"}],"replies":[{"embeddable":true,"href":"https:\/\/fellmannkunz.ch\/fr\/wp-json\/wp\/v2\/comments?post=763"}],"version-history":[{"count":294,"href":"https:\/\/fellmannkunz.ch\/fr\/wp-json\/wp\/v2\/pages\/763\/revisions"}],"predecessor-version":[{"id":2637,"href":"https:\/\/fellmannkunz.ch\/fr\/wp-json\/wp\/v2\/pages\/763\/revisions\/2637"}],"wp:attachment":[{"href":"https:\/\/fellmannkunz.ch\/fr\/wp-json\/wp\/v2\/media?parent=763"}],"curies":[{"name":"wp","href":"https:\/\/api.w.org\/{rel}","templated":true}]}}