{"id":884,"date":"2022-03-23T13:16:17","date_gmt":"2022-03-23T13:16:17","guid":{"rendered":"https:\/\/fellmannkunz.ch\/?page_id=884"},"modified":"2023-09-05T14:50:05","modified_gmt":"2023-09-05T14:50:05","slug":"impressum","status":"publish","type":"page","link":"https:\/\/fellmannkunz.ch\/fr\/impressum\/","title":{"rendered":"Impressum"},"content":{"rendered":"<p><img loading=\"lazy\" decoding=\"async\" width=\"757\" height=\"716\" src=\"https:\/\/fellmannkunz.ch\/wp-content\/uploads\/2022\/03\/img-impressum-2.png\" alt=\"\" loading=\"lazy\" srcset=\"https:\/\/fellmannkunz.ch\/wp-content\/uploads\/2022\/03\/img-impressum-2.png 757w, https:\/\/fellmannkunz.ch\/wp-content\/uploads\/2022\/03\/img-impressum-2-300x284.png 300w\" sizes=\"auto, (max-width: 757px) 100vw, 757px\" \/>\t\t\t\t\t\t\t\t\t\t\t\t\t\t\t<\/p>\n<h2>Impressum\/Informations juridiques<\/h2>\n<p>\t\t<strong>fellmann &amp; kunz<\/strong>Rue de Nidau 24CH-2502 Biel\/BienneEmail tkunz@fellmannkunz.chTelefon +41 78 626 80 04\u00a0<\/p>\n<p>Ce site web sert exclusivement \u00e0 l&#8217;information g\u00e9n\u00e9rale et ne pr\u00e9tend pas \u00e0 l&#8217;exhaustivit\u00e9 ni \u00e0 l&#8217;exactitude. Dans les cas concrets, la loi sera appliqu\u00e9e dans les dispositions l\u00e9gales, la jurisprudence et la pratique.<\/p>\n<p>Nous nous effor\u00e7ons de garantir la fiabilit\u00e9 des informations pr\u00e9sent\u00e9es. Les demandes de d\u00e9dommagement pour tous dommages caus\u00e9s par l&#8217;utilisation ou la non-utilisation des informations sont exclues. Nous nous r\u00e9servons le droit de modifier ou de supprimer ce site \u00e0 tout moment et sans pr\u00e9avis.<\/p>\n<p>Les liens des sites web sont soumis \u00e0 la responsabilit\u00e9 de leurs exploitants respectifs. Nous n&#8217;avons aucun contr\u00f4le de leurs influences sur les contenus actuels et futurs et nous ne nous en approprions pas non plus les contenus.<\/p>\n<p>Vous pouvez en principe visiter notre site web sans devoir fournir d&#8217;informations personnelles. Seules des donn\u00e9es d&#8217;utilisation sans relation avec la personne sont \u00e9valu\u00e9es, telles que votre adresse IP, la derni\u00e8re page visit\u00e9e, le navigateur utilis\u00e9, la date, l&#8217;heure, etc. peuvent \u00eatre utilis\u00e9es pour identifier les tendances, d&#8217;am\u00e9liorer l&#8217;offre en ligne de mani\u00e8re anonyme et en interne. A partir de ces donn\u00e9es, aucune conclusion ne peut \u00eatre tir\u00e9e en relation avec votre personne.<\/p>\n<p>\u00a0<strong>Website Design<\/strong>Schwarzfalter GmbH<\/p>\n","protected":false},"excerpt":{"rendered":"<p>Impressum\/Informations juridiques fellmann &amp; kunzRue de Nidau 24CH-2502 Biel\/BienneEmail tkunz@fellmannkunz.chTelefon +41 78 626 80 04\u00a0 Ce site web sert exclusivement \u00e0 l&#8217;information g\u00e9n\u00e9rale et ne pr\u00e9tend pas \u00e0 l&#8217;exhaustivit\u00e9 ni \u00e0 l&#8217;exactitude. Dans les cas concrets, la loi sera appliqu\u00e9e dans les dispositions l\u00e9gales, la jurisprudence et la pratique. Nous nous effor\u00e7ons de garantir la [&hellip;]<\/p>\n","protected":false},"author":5,"featured_media":0,"parent":0,"menu_order":0,"comment_status":"closed","ping_status":"closed","template":"","meta":{"footnotes":""},"class_list":["post-884","page","type-page","status-publish","hentry"],"translation":{"provider":"WPGlobus","version":"3.0.0","language":"fr","enabled_languages":["de","fr"],"languages":{"de":{"title":true,"content":true,"excerpt":false},"fr":{"title":true,"content":true,"excerpt":false}}},"yoast_head":"<!-- This site is optimized with the Yoast SEO plugin v23.8 - https:\/\/yoast.com\/wordpress\/plugins\/seo\/ -->\n<title>Impressum - fellmann&amp;kunz<\/title>\n<meta name=\"robots\" content=\"index, follow, max-snippet:-1, max-image-preview:large, max-video-preview:-1\" \/>\n<link rel=\"canonical\" href=\"https:\/\/fellmannkunz.ch\/impressum\/\" \/>\n<meta property=\"og:locale\" content=\"fr_FR\" \/>\n<meta property=\"og:type\" content=\"article\" \/>\n<meta property=\"og:title\" content=\"Impressum - fellmann&amp;kunz\" \/>\n<meta property=\"og:url\" content=\"https:\/\/fellmannkunz.ch\/impressum\/\" \/>\n<meta property=\"og:site_name\" content=\"fellmann&amp;kunz\" \/>\n<meta property=\"article:modified_time\" content=\"2023-09-05T14:50:05+00:00\" \/>\n<meta property=\"og:image\" content=\"https:\/\/fellmannkunz.ch\/wp-content\/uploads\/2022\/03\/img-impressum-2.png\" \/>\n<meta name=\"twitter:card\" content=\"summary_large_image\" \/>\n<meta name=\"twitter:label1\" content=\"Est. reading time\" \/>\n\t<meta name=\"twitter:data1\" content=\"2 minutes\" \/>\n<script type=\"application\/ld+json\" class=\"yoast-schema-graph\">{\"@context\":\"https:\/\/schema.org\",\"@graph\":[{\"@type\":\"WebPage\",\"@id\":\"https:\/\/fellmannkunz.ch\/impressum\/\",\"url\":\"https:\/\/fellmannkunz.ch\/impressum\/\",\"name\":\"Impressum - fellmann&amp;kunz\",\"isPartOf\":{\"@id\":\"https:\/\/fellmannkunz.ch\/#website\"},\"primaryImageOfPage\":{\"@id\":\"https:\/\/fellmannkunz.ch\/impressum\/#primaryimage\"},\"image\":{\"@id\":\"https:\/\/fellmannkunz.ch\/impressum\/#primaryimage\"},\"thumbnailUrl\":\"https:\/\/fellmannkunz.ch\/wp-content\/uploads\/2022\/03\/img-impressum-2.png\",\"datePublished\":\"2022-03-23T13:16:17+00:00\",\"dateModified\":\"2023-09-05T14:50:05+00:00\",\"breadcrumb\":{\"@id\":\"https:\/\/fellmannkunz.ch\/impressum\/#breadcrumb\"},\"inLanguage\":\"fr-FR\",\"potentialAction\":[{\"@type\":\"ReadAction\",\"target\":[\"https:\/\/fellmannkunz.ch\/impressum\/\"]}]},{\"@type\":\"ImageObject\",\"inLanguage\":\"fr-FR\",\"@id\":\"https:\/\/fellmannkunz.ch\/impressum\/#primaryimage\",\"url\":\"https:\/\/fellmannkunz.ch\/wp-content\/uploads\/2022\/03\/img-impressum-2.png\",\"contentUrl\":\"https:\/\/fellmannkunz.ch\/wp-content\/uploads\/2022\/03\/img-impressum-2.png\"},{\"@type\":\"BreadcrumbList\",\"@id\":\"https:\/\/fellmannkunz.ch\/impressum\/#breadcrumb\",\"itemListElement\":[{\"@type\":\"ListItem\",\"position\":1,\"name\":\"Startseite\",\"item\":\"https:\/\/fellmannkunz.ch\/\"},{\"@type\":\"ListItem\",\"position\":2,\"name\":\"Impressum\"}]},{\"@type\":\"WebSite\",\"@id\":\"https:\/\/fellmannkunz.ch\/#website\",\"url\":\"https:\/\/fellmannkunz.ch\/\",\"name\":\"fellmann&amp;kunz\",\"description\":\"avocats et notaire\",\"potentialAction\":[{\"@type\":\"SearchAction\",\"target\":{\"@type\":\"EntryPoint\",\"urlTemplate\":\"https:\/\/fellmannkunz.ch\/?s={search_term_string}\"},\"query-input\":{\"@type\":\"PropertyValueSpecification\",\"valueRequired\":true,\"valueName\":\"search_term_string\"}}],\"inLanguage\":\"fr-FR\"}]}<\/script>\n<!-- \/ Yoast SEO plugin. -->","yoast_head_json":{"title":"Impressum - fellmann&amp;kunz","robots":{"index":"index","follow":"follow","max-snippet":"max-snippet:-1","max-image-preview":"max-image-preview:large","max-video-preview":"max-video-preview:-1"},"canonical":"https:\/\/fellmannkunz.ch\/impressum\/","og_locale":"fr_FR","og_type":"article","og_title":"Impressum - fellmann&amp;kunz","og_url":"https:\/\/fellmannkunz.ch\/impressum\/","og_site_name":"fellmann&amp;kunz","article_modified_time":"2023-09-05T14:50:05+00:00","og_image":[{"url":"https:\/\/fellmannkunz.ch\/wp-content\/uploads\/2022\/03\/img-impressum-2.png"}],"twitter_card":"summary_large_image","twitter_misc":{"Est. reading time":"2 minutes"},"schema":{"@context":"https:\/\/schema.org","@graph":[{"@type":"WebPage","@id":"https:\/\/fellmannkunz.ch\/impressum\/","url":"https:\/\/fellmannkunz.ch\/impressum\/","name":"Impressum - fellmann&amp;kunz","isPartOf":{"@id":"https:\/\/fellmannkunz.ch\/#website"},"primaryImageOfPage":{"@id":"https:\/\/fellmannkunz.ch\/impressum\/#primaryimage"},"image":{"@id":"https:\/\/fellmannkunz.ch\/impressum\/#primaryimage"},"thumbnailUrl":"https:\/\/fellmannkunz.ch\/wp-content\/uploads\/2022\/03\/img-impressum-2.png","datePublished":"2022-03-23T13:16:17+00:00","dateModified":"2023-09-05T14:50:05+00:00","breadcrumb":{"@id":"https:\/\/fellmannkunz.ch\/impressum\/#breadcrumb"},"inLanguage":"fr-FR","potentialAction":[{"@type":"ReadAction","target":["https:\/\/fellmannkunz.ch\/impressum\/"]}]},{"@type":"ImageObject","inLanguage":"fr-FR","@id":"https:\/\/fellmannkunz.ch\/impressum\/#primaryimage","url":"https:\/\/fellmannkunz.ch\/wp-content\/uploads\/2022\/03\/img-impressum-2.png","contentUrl":"https:\/\/fellmannkunz.ch\/wp-content\/uploads\/2022\/03\/img-impressum-2.png"},{"@type":"BreadcrumbList","@id":"https:\/\/fellmannkunz.ch\/impressum\/#breadcrumb","itemListElement":[{"@type":"ListItem","position":1,"name":"Startseite","item":"https:\/\/fellmannkunz.ch\/"},{"@type":"ListItem","position":2,"name":"Impressum"}]},{"@type":"WebSite","@id":"https:\/\/fellmannkunz.ch\/#website","url":"https:\/\/fellmannkunz.ch\/","name":"fellmann&amp;kunz","description":"avocats et notaire","potentialAction":[{"@type":"SearchAction","target":{"@type":"EntryPoint","urlTemplate":"https:\/\/fellmannkunz.ch\/?s={search_term_string}"},"query-input":{"@type":"PropertyValueSpecification","valueRequired":true,"valueName":"search_term_string"}}],"inLanguage":"fr-FR"}]}},"_links":{"self":[{"href":"https:\/\/fellmannkunz.ch\/fr\/wp-json\/wp\/v2\/pages\/884","targetHints":{"allow":["GET"]}}],"collection":[{"href":"https:\/\/fellmannkunz.ch\/fr\/wp-json\/wp\/v2\/pages"}],"about":[{"href":"https:\/\/fellmannkunz.ch\/fr\/wp-json\/wp\/v2\/types\/page"}],"author":[{"embeddable":true,"href":"https:\/\/fellmannkunz.ch\/fr\/wp-json\/wp\/v2\/users\/5"}],"replies":[{"embeddable":true,"href":"https:\/\/fellmannkunz.ch\/fr\/wp-json\/wp\/v2\/comments?post=884"}],"version-history":[{"count":88,"href":"https:\/\/fellmannkunz.ch\/fr\/wp-json\/wp\/v2\/pages\/884\/revisions"}],"predecessor-version":[{"id":2666,"href":"https:\/\/fellmannkunz.ch\/fr\/wp-json\/wp\/v2\/pages\/884\/revisions\/2666"}],"wp:attachment":[{"href":"https:\/\/fellmannkunz.ch\/fr\/wp-json\/wp\/v2\/media?parent=884"}],"curies":[{"name":"wp","href":"https:\/\/api.w.org\/{rel}","templated":true}]}}